{"id":4938,"date":"2016-07-11T13:55:11","date_gmt":"2016-07-11T13:55:11","guid":{"rendered":"http:\/\/impreza.us-themes.com\/?page_id=4938"},"modified":"2019-03-18T23:10:14","modified_gmt":"2019-03-18T23:10:14","slug":"blog-cards-grid","status":"publish","type":"page","link":"http:\/\/sanitcontrol.com.br\/?page_id=4938","title":{"rendered":"Blog"},"content":{"rendered":"<section class=\"l-section wpb_row height_auto width_full color_alternate\"><div class=\"l-section-h i-cf\"><div class=\"g-cols offset_small\"><div class=\"vc_col-sm-12 wpb_column vc_column_container\"><div class=\"vc_column-inner\"><div class=\"w-blog layout_smallsquare cols_1\" itemscope=\"itemscope\" itemtype=\"https:\/\/schema.org\/Blog\"><div class=\"w-blog-list\">\n\n<article class=\"w-blog-post uncategorized post-5322 post type-post status-publish format-standard has-post-thumbnail hentry category-uncategorized\" data-id=\"5322\" data-categories=\"uncategorized\">\n\t<div class=\"w-blog-post-h\">\n\t\t<a href=\"http:\/\/sanitcontrol.com.br\/?p=5322\">\n\t\t\t<div class=\"w-blog-post-preview\">\n\t\t\t\t<img width=\"350\" height=\"350\" src=\"http:\/\/sanitcontrol.com.br\/wp-content\/uploads\/2018\/11\/fot6oshop-350x350.jpg\" class=\"attachment-tnail-1x1-small size-tnail-1x1-small wp-post-image\" alt=\"\" loading=\"lazy\" srcset=\"http:\/\/sanitcontrol.com.br\/wp-content\/uploads\/2018\/11\/fot6oshop-350x350.jpg 350w, http:\/\/sanitcontrol.com.br\/wp-content\/uploads\/2018\/11\/fot6oshop-150x150.jpg 150w, http:\/\/sanitcontrol.com.br\/wp-content\/uploads\/2018\/11\/fot6oshop-600x600.jpg 600w\" sizes=\"(max-width: 350px) 100vw, 350px\" \/>\t\t\t\t<span class=\"w-blog-post-preview-icon\" style=\"padding-bottom: 66.6667%;\"><\/span>\n\t\t\t<\/div>\n\t\t<\/a>\n\t\t<div class=\"w-blog-post-body\">\n\t\t\t<h2 class=\"w-blog-post-title\">\n\t\t\t\t<a class=\"entry-title\" rel=\"bookmark\" href=\"http:\/\/sanitcontrol.com.br\/?p=5322\">Voc\u00ea precisa contratar uma empresa para resolver o seu problema de infesta\u00e7\u00e3o de pragas, mas o que avaliar na contrata\u00e7\u00e3o?<\/a>\n\t\t\t<\/h2>\n\t\t\t<div class=\"w-blog-post-meta\">\n\t\t\t\t<time class=\"w-blog-post-meta-date date updated\">18\/03\/2019<\/time><span class=\"w-blog-post-meta-author vcard author hidden\"><a href=\"http:\/\/sanitcontrol.com.br\/?author=1\" class=\"fn\">admin<\/a><\/span>\t\t\t<\/div>\n\t\t\t<div class=\"w-blog-post-content\">\n\t\t\t\t<h6><em>\u00c9 claro que \u00a0o pre\u00e7o \u00e9 um dos pontos de avalia\u00e7\u00e3o, mas n\u00e3o deve ser o \u00fanico. J\u00e1 ouviu aquela frase: o barato sai caro? Pois bem, ao levar somente o pre\u00e7o em considera\u00e7\u00e3o, voc\u00ea pode al\u00e9m de ter um servi\u00e7o de baixa qualidade, colocar em risco a sa\u00fade das pessoas e do meio ambiente.<\/em><\/h6>\n<h6>Antes de contratar, \u00a0avalie:<\/h6>\n<h6>&#8211; Se a documenta\u00e7\u00e3o da empresa est\u00e1 em conformidade com as exig\u00eancias dos \u00f3rg\u00e3os que regulamentam o setor, se possui licen\u00e7a sanit\u00e1ria;<\/h6>\n<h6>&#8211; procure indica\u00e7\u00f5es, converse com os clientes da empresa;<\/h6>\n<h6>&#8211; converse com os profissionais envolvidos, veja se a equipe \u00e9 treinada, uniformizada;<\/h6>\n<h6>&#8211; solicite toda a documenta\u00e7\u00e3o do servi\u00e7o a ser realizado, quais as pragas identificadas, qual o processo, produtos a serem utilizados e aplica\u00e7\u00e3o dos mesmos, recomenda\u00e7\u00f5es sobre o preparo do local antes, durante e ap\u00f3s o servi\u00e7o.<\/h6>\n\t\t\t<\/div>\n\t\t<\/div>\n\t<\/div>\n<\/article>\n\n<\/div><\/div><\/div><\/div><\/div><\/div><\/section>\n","protected":false},"excerpt":{"rendered":"\u00c9 claro que \u00a0o pre\u00e7o \u00e9 um dos pontos de avalia\u00e7\u00e3o, mas n\u00e3o deve ser o \u00fanico. J\u00e1 ouviu aquela frase: o barato sai caro? Pois bem, ao levar somente...","protected":false},"author":1,"featured_media":0,"parent":0,"menu_order":0,"comment_status":"closed","ping_status":"closed","template":"","meta":[],"_links":{"self":[{"href":"http:\/\/sanitcontrol.com.br\/index.php?rest_route=\/wp\/v2\/pages\/4938"}],"collection":[{"href":"http:\/\/sanitcontrol.com.br\/index.php?rest_route=\/wp\/v2\/pages"}],"about":[{"href":"http:\/\/sanitcontrol.com.br\/index.php?rest_route=\/wp\/v2\/types\/page"}],"author":[{"embeddable":true,"href":"http:\/\/sanitcontrol.com.br\/index.php?rest_route=\/wp\/v2\/users\/1"}],"replies":[{"embeddable":true,"href":"http:\/\/sanitcontrol.com.br\/index.php?rest_route=%2Fwp%2Fv2%2Fcomments&post=4938"}],"version-history":[{"count":3,"href":"http:\/\/sanitcontrol.com.br\/index.php?rest_route=\/wp\/v2\/pages\/4938\/revisions"}],"predecessor-version":[{"id":5340,"href":"http:\/\/sanitcontrol.com.br\/index.php?rest_route=\/wp\/v2\/pages\/4938\/revisions\/5340"}],"wp:attachment":[{"href":"http:\/\/sanitcontrol.com.br\/index.php?rest_route=%2Fwp%2Fv2%2Fmedia&parent=4938"}],"curies":[{"name":"wp","href":"https:\/\/api.w.org\/{rel}","templated":true}]}}