{"id":12,"date":"2013-05-31T11:57:37","date_gmt":"2013-05-31T11:57:37","guid":{"rendered":"http:\/\/impreza.us-themes.net\/pages\/about\/"},"modified":"2019-03-18T23:00:21","modified_gmt":"2019-03-18T23:00:21","slug":"about","status":"publish","type":"page","link":"http:\/\/sanitcontrol.com.br\/?page_id=12","title":{"rendered":"About Us"},"content":{"rendered":"<section class=\"l-section wpb_row height_huge color_primary with_img\"><div class=\"l-section-img\" style=\"background-image: url(http:\/\/sanitcontrol.com.br\/wp-content\/uploads\/2018\/11\/teste5-1.jpg);background-position: top left;\" data-img-width=\"2005\" data-img-height=\"791\"><\/div><div class=\"l-section-h i-cf\"><div class=\"g-cols offset_small\"><div class=\"vc_col-sm-12 wpb_column vc_column_container\"><div class=\"vc_column-inner\"><\/div><\/div><\/div><\/div><\/section><section class=\"l-section wpb_row height_medium\"><div class=\"l-section-h i-cf\"><div class=\"g-cols offset_small\"><div class=\"vc_col-sm-12 wpb_column vc_column_container\"><div class=\"vc_column-inner\"><div class=\"wpb_text_column \"><div class=\"wpb_wrapper\">\n<h6><\/h6>\n<h6>A SANIT CONTROL \u00e9 uma empresa especializada no controle de pragas que tem como diferencial a tecnologia aplicada em seus programas de tratamento, significa que para\u00a0\u00a0cada ambiente, seja comercial ou residencial,\u00a0 a SANIT CONTROL tem a preocupa\u00e7\u00e3o em usar t\u00e9cnicas e procedimentos que garantam \u00a0\u00a0o uso m\u00ednimo de produtos qu\u00edmicos com n\u00edvel de baixa toxicidade, inodoros e alta resolutividade, minimizando inclusive o impacto ambiental.<\/h6>\n<h6>Como resultado:\u00a0 100% de clientes satisfeitos, livres de infesta\u00e7\u00f5es e com o melhor custo-benef\u00edcio.<\/h6>\n<\/div> <\/div> <\/div><\/div><\/div><\/div><\/section><section class=\"l-section wpb_row height_medium color_alternate\" id=\"Extraid\"><div class=\"l-section-h i-cf\"><div class=\"g-cols offset_small\"><div class=\"vc_col-sm-12 wpb_column vc_column_container\"><div class=\"vc_column-inner\"><div class=\"wpb_text_column \"><div class=\"wpb_wrapper\">\n<h3 style=\"text-align: center;\">Nossa objetivo \u00e9 <strong>superar<\/strong> suas <strong>expectativas<\/strong> na <strong>presta\u00e7\u00e3o de servi\u00e7os<\/strong> de controle de pragas<\/h3>\n<\/div> <\/div> <div class=\"w-separator type_short size_medium thick_1 style_solid color_border cont_icon\"><span class=\"w-separator-h\"><i class=\"fa fa-heart-o\"><\/i><\/span><\/div><div class=\"g-cols wpb_row offset_small vc_inner \"><div class=\"vc_col-sm-6 wpb_column vc_column_container animate_wfc\"><div class=\"vc_column-inner\"><div class=\"w-counter size_medium color_text align_center\" data-initial=\"0\" data-target=\"100\" data-prefix=\"\" data-suffix=\"%\">\n\t<div class=\"w-counter-h\">\n\t\t<div class=\"w-counter-number\">\n\t\t\t0%\t\t<\/div>\n\t\t\t\t\t<h6 class=\"w-counter-title\">Clientes satisfeitos<\/h6>\n\t\t\t<\/div>\n<\/div>\n<\/div><\/div><div class=\"vc_col-sm-6 wpb_column vc_column_container animate_wfc d1\"><div class=\"vc_column-inner\"><div class=\"w-counter size_medium color_primary align_center\" data-initial=\"0\" data-target=\"180\" data-prefix=\"\" data-suffix=\"\">\n\t<div class=\"w-counter-h\">\n\t\t<div class=\"w-counter-number\">\n\t\t\t0\t\t<\/div>\n\t\t\t\t\t<h6 class=\"w-counter-title\">Empresas atendidas<\/h6>\n\t\t\t<\/div>\n<\/div>\n<\/div><\/div><\/div><\/div><\/div><\/div><\/div><\/section><section class=\"l-section wpb_row height_medium\"><div class=\"l-section-h i-cf\"><div class=\"g-cols offset_small\"><div class=\"vc_col-sm-12 wpb_column vc_column_container\"><div class=\"vc_column-inner\"><div class=\"w-separator type_invisible size_medium thick_1 style_solid color_border cont_none\"><span class=\"w-separator-h\"><\/span><\/div><div class=\"w-separator type_invisible size_medium thick_1 style_solid color_border cont_none\"><span class=\"w-separator-h\"><\/span><\/div><\/div><\/div><\/div><\/div><\/section>\n","protected":false},"excerpt":{"rendered":"A SANIT CONTROL \u00e9 uma empresa especializada no controle de pragas que tem como diferencial a tecnologia aplicada em seus programas de tratamento, significa que para\u00a0\u00a0cada ambiente, seja comercial ou...","protected":false},"author":1,"featured_media":0,"parent":0,"menu_order":0,"comment_status":"closed","ping_status":"closed","template":"","meta":[],"_links":{"self":[{"href":"http:\/\/sanitcontrol.com.br\/index.php?rest_route=\/wp\/v2\/pages\/12"}],"collection":[{"href":"http:\/\/sanitcontrol.com.br\/index.php?rest_route=\/wp\/v2\/pages"}],"about":[{"href":"http:\/\/sanitcontrol.com.br\/index.php?rest_route=\/wp\/v2\/types\/page"}],"author":[{"embeddable":true,"href":"http:\/\/sanitcontrol.com.br\/index.php?rest_route=\/wp\/v2\/users\/1"}],"replies":[{"embeddable":true,"href":"http:\/\/sanitcontrol.com.br\/index.php?rest_route=%2Fwp%2Fv2%2Fcomments&post=12"}],"version-history":[{"count":22,"href":"http:\/\/sanitcontrol.com.br\/index.php?rest_route=\/wp\/v2\/pages\/12\/revisions"}],"predecessor-version":[{"id":5338,"href":"http:\/\/sanitcontrol.com.br\/index.php?rest_route=\/wp\/v2\/pages\/12\/revisions\/5338"}],"wp:attachment":[{"href":"http:\/\/sanitcontrol.com.br\/index.php?rest_route=%2Fwp%2Fv2%2Fmedia&parent=12"}],"curies":[{"name":"wp","href":"https:\/\/api.w.org\/{rel}","templated":true}]}}